{"id":101,"date":"2018-03-22T13:22:22","date_gmt":"2018-03-22T13:22:22","guid":{"rendered":"http:\/\/frentecivica.com\/?page_id=101"},"modified":"2023-02-03T19:36:11","modified_gmt":"2023-02-03T19:36:11","slug":"inicio","status":"publish","type":"page","link":"https:\/\/frentecivica.com\/","title":{"rendered":"In\u00edcio"},"content":{"rendered":"\t\t<div data-elementor-type=\"wp-page\" data-elementor-id=\"101\" class=\"elementor elementor-101\">\n\t\t\t\t\t\t<section class=\"elementor-section elementor-top-section elementor-element elementor-element-e296ff4 elementor-section-boxed elementor-section-height-default elementor-section-height-default\" data-id=\"e296ff4\" data-element_type=\"section\">\n\t\t\t\t\t\t<div class=\"elementor-container elementor-column-gap-default\">\n\t\t\t\t\t<div class=\"elementor-column elementor-col-33 elementor-top-column elementor-element elementor-element-2789e54\" data-id=\"2789e54\" data-element_type=\"column\">\n\t\t\t<div class=\"elementor-widget-wrap elementor-element-populated\">\n\t\t\t\t\t\t<div class=\"elementor-element elementor-element-665a89d elementor-widget elementor-widget-image\" data-id=\"665a89d\" data-element_type=\"widget\" data-widget_type=\"image.default\">\n\t\t\t\t<div class=\"elementor-widget-container\">\n\t\t\t\t\t\t\t\t\t\t\t\t\t\t\t<img decoding=\"async\" width=\"150\" height=\"150\" src=\"https:\/\/frentecivica.com\/wp-content\/uploads\/2023\/02\/Paulo-3A-150x150.jpg\" class=\"attachment-thumbnail size-thumbnail wp-image-1886\" alt=\"\" srcset=\"https:\/\/frentecivica.com\/wp-content\/uploads\/2023\/02\/Paulo-3A-150x150.jpg 150w, https:\/\/frentecivica.com\/wp-content\/uploads\/2023\/02\/Paulo-3A-300x300.jpg 300w, https:\/\/frentecivica.com\/wp-content\/uploads\/2023\/02\/Paulo-3A.jpg 362w\" sizes=\"(max-width: 150px) 100vw, 150px\" \/>\t\t\t\t\t\t\t\t\t\t\t\t\t\t\t<\/div>\n\t\t\t\t<\/div>\n\t\t\t\t\t<\/div>\n\t\t<\/div>\n\t\t\t\t<div class=\"elementor-column elementor-col-66 elementor-top-column elementor-element elementor-element-a0452a9\" data-id=\"a0452a9\" data-element_type=\"column\">\n\t\t\t<div class=\"elementor-widget-wrap elementor-element-populated\">\n\t\t\t\t\t\t<div class=\"elementor-element elementor-element-d4245b6 elementor-widget elementor-widget-text-editor\" data-id=\"d4245b6\" data-element_type=\"widget\" data-widget_type=\"text-editor.default\">\n\t\t\t\t<div class=\"elementor-widget-container\">\n\t\t\t\t\t\t\t\t\t<p>N\u00e3o h\u00e1 democracia sem cidadania. Numa sociedade democr\u00e1tica, a defesa do interesse p\u00fablico n\u00e3o \u00e9 uma tarefa exclusiva dos representantes eleitos. Cabe aos cidad\u00e3os escrutinar os poderes p\u00fablicos, responsabilizar os decisores e zelar pela defesa do bem comum.<\/p><p>\u00c9 essa a miss\u00e3o da Frente C\u00edvica. Somos uma associa\u00e7\u00e3o apartid\u00e1ria dedicada \u00e0 defesa de causas de interesse p\u00fablico. Trabalhamos para identificar os problemas cr\u00f3nicos da sociedade portuguesa, denunciar os seus respons\u00e1veis e lutar pela sua resolu\u00e7\u00e3o.<\/p><p>Acompanhe o nosso trabalho, participe nas nossas actividades e contribua para este movimento de mobiliza\u00e7\u00e3o c\u00edvica. Vamos!<\/p><p>O Presidente da Frente C\u00edvica<\/p><p>Paulo de Morais<\/p>\t\t\t\t\t\t\t\t<\/div>\n\t\t\t\t<\/div>\n\t\t\t\t\t<\/div>\n\t\t<\/div>\n\t\t\t\t\t<\/div>\n\t\t<\/section>\n\t\t\t\t<section class=\"elementor-section elementor-top-section elementor-element elementor-element-cad1ff6 elementor-section-boxed elementor-section-height-default elementor-section-height-default\" data-id=\"cad1ff6\" data-element_type=\"section\">\n\t\t\t\t\t\t<div class=\"elementor-container elementor-column-gap-default\">\n\t\t\t\t\t<div class=\"elementor-column elementor-col-100 elementor-top-column elementor-element elementor-element-a27f4e7\" data-id=\"a27f4e7\" data-element_type=\"column\">\n\t\t\t<div class=\"elementor-widget-wrap elementor-element-populated\">\n\t\t\t\t\t\t<div class=\"elementor-element elementor-element-4544a0d elementor-widget elementor-widget-heading\" data-id=\"4544a0d\" data-element_type=\"widget\" data-widget_type=\"heading.default\">\n\t\t\t\t<div class=\"elementor-widget-container\">\n\t\t\t\t\t<h2 class=\"elementor-heading-title elementor-size-default\"><a href=\"https:\/\/frentecivica.com\/?page_id=1265\">Acompanhe as nossas iniciativas<\/a><\/h2>\t\t\t\t<\/div>\n\t\t\t\t<\/div>\n\t\t\t\t\t<\/div>\n\t\t<\/div>\n\t\t\t\t\t<\/div>\n\t\t<\/section>\n\t\t\t\t<\/div>\n\t\t","protected":false},"excerpt":{"rendered":"<p>N\u00e3o h\u00e1 democracia sem cidadania. Numa sociedade democr\u00e1tica, a defesa do interesse p\u00fablico n\u00e3o \u00e9 uma tarefa exclusiva dos representantes eleitos. Cabe aos cidad\u00e3os escrutinar os poderes p\u00fablicos, responsabilizar os decisores e zelar pela defesa do bem comum. \u00c9 essa a miss\u00e3o da Frente C\u00edvica. Somos uma associa\u00e7\u00e3o apartid\u00e1ria dedicada \u00e0 defesa de causas de &#8230; <a title=\"In\u00edcio\" class=\"read-more\" href=\"https:\/\/frentecivica.com\/\" aria-label=\"Leia mais sobre In\u00edcio\">Ler mais<\/a><\/p>\n","protected":false},"author":1,"featured_media":0,"parent":0,"menu_order":1,"comment_status":"closed","ping_status":"closed","template":"","meta":{"footnotes":""},"class_list":["post-101","page","type-page","status-publish"],"_links":{"self":[{"href":"https:\/\/frentecivica.com\/index.php?rest_route=\/wp\/v2\/pages\/101","targetHints":{"allow":["GET"]}}],"collection":[{"href":"https:\/\/frentecivica.com\/index.php?rest_route=\/wp\/v2\/pages"}],"about":[{"href":"https:\/\/frentecivica.com\/index.php?rest_route=\/wp\/v2\/types\/page"}],"author":[{"embeddable":true,"href":"https:\/\/frentecivica.com\/index.php?rest_route=\/wp\/v2\/users\/1"}],"replies":[{"embeddable":true,"href":"https:\/\/frentecivica.com\/index.php?rest_route=%2Fwp%2Fv2%2Fcomments&post=101"}],"version-history":[{"count":202,"href":"https:\/\/frentecivica.com\/index.php?rest_route=\/wp\/v2\/pages\/101\/revisions"}],"predecessor-version":[{"id":1907,"href":"https:\/\/frentecivica.com\/index.php?rest_route=\/wp\/v2\/pages\/101\/revisions\/1907"}],"wp:attachment":[{"href":"https:\/\/frentecivica.com\/index.php?rest_route=%2Fwp%2Fv2%2Fmedia&parent=101"}],"curies":[{"name":"wp","href":"https:\/\/api.w.org\/{rel}","templated":true}]}}