{"id":1370,"date":"2023-01-03T22:50:53","date_gmt":"2023-01-03T22:50:53","guid":{"rendered":"https:\/\/frentecivica.com\/?page_id=1370"},"modified":"2023-01-04T14:41:53","modified_gmt":"2023-01-04T14:41:53","slug":"participe-2","status":"publish","type":"page","link":"https:\/\/frentecivica.com\/?page_id=1370","title":{"rendered":"Participe!"},"content":{"rendered":"\t\t<div data-elementor-type=\"wp-page\" data-elementor-id=\"1370\" class=\"elementor elementor-1370\">\n\t\t\t\t\t\t<section class=\"elementor-section elementor-top-section elementor-element elementor-element-f19bc33 elementor-section-boxed elementor-section-height-default elementor-section-height-default\" data-id=\"f19bc33\" data-element_type=\"section\">\n\t\t\t\t\t\t<div class=\"elementor-container elementor-column-gap-default\">\n\t\t\t\t\t<div class=\"elementor-column elementor-col-100 elementor-top-column elementor-element elementor-element-58b1732\" data-id=\"58b1732\" data-element_type=\"column\">\n\t\t\t<div class=\"elementor-widget-wrap elementor-element-populated\">\n\t\t\t\t\t\t<div class=\"elementor-element elementor-element-f3f9d71 elementor-widget elementor-widget-heading\" data-id=\"f3f9d71\" data-element_type=\"widget\" data-widget_type=\"heading.default\">\n\t\t\t\t<div class=\"elementor-widget-container\">\n\t\t\t\t\t<h2 class=\"elementor-heading-title elementor-size-default\">Inscreva-se<\/h2>\t\t\t\t<\/div>\n\t\t\t\t<\/div>\n\t\t\t\t\t<\/div>\n\t\t<\/div>\n\t\t\t\t\t<\/div>\n\t\t<\/section>\n\t\t\t\t<section class=\"elementor-section elementor-top-section elementor-element elementor-element-4c11bdd elementor-section-boxed elementor-section-height-default elementor-section-height-default\" data-id=\"4c11bdd\" data-element_type=\"section\">\n\t\t\t\t\t\t<div class=\"elementor-container elementor-column-gap-default\">\n\t\t\t\t\t<div class=\"elementor-column elementor-col-100 elementor-top-column elementor-element elementor-element-895eb46\" data-id=\"895eb46\" data-element_type=\"column\">\n\t\t\t<div class=\"elementor-widget-wrap elementor-element-populated\">\n\t\t\t\t\t\t<div class=\"elementor-element elementor-element-ffc7294 elementor-widget elementor-widget-text-editor\" data-id=\"ffc7294\" data-element_type=\"widget\" data-widget_type=\"text-editor.default\">\n\t\t\t\t<div class=\"elementor-widget-container\">\n\t\t\t\t\t\t\t\t\t<p>A melhor forma de participar na miss\u00e3o da Frente C\u00edvica \u00e9 tornar-se associado. A Frente C\u00edvica n\u00e3o cobra quotas ou joia de inscri\u00e7\u00e3o.<\/p><p>Cada novo associado tem de ser proposto por dois membros j\u00e1 existentes. Use o campo \u201cObserva\u00e7\u00f5es\u201d no formul\u00e1rio de inscri\u00e7\u00e3o para indicar o nome dos dois associados que prop\u00f5em a sua inscri\u00e7\u00e3o. Caso n\u00e3o tenha associados proponentes, indique brevemente por que raz\u00e3o se pretende associar \u00e0 Frente C\u00edvica, e a sua candidatura ser\u00e1 apreciada.<\/p><p>Pode inscrever-se\u00a0<strong><a href=\"https:\/\/www.app.quotagest.pt\/app\/inscricao\/32851ec4e3a2743e\" target=\"_blank\" rel=\"noopener\">aqui<\/a><\/strong><\/p>\t\t\t\t\t\t\t\t<\/div>\n\t\t\t\t<\/div>\n\t\t\t\t\t<\/div>\n\t\t<\/div>\n\t\t\t\t\t<\/div>\n\t\t<\/section>\n\t\t\t\t<section class=\"elementor-section elementor-top-section elementor-element elementor-element-ca29987 elementor-section-boxed elementor-section-height-default elementor-section-height-default\" data-id=\"ca29987\" data-element_type=\"section\">\n\t\t\t\t\t\t<div class=\"elementor-container elementor-column-gap-default\">\n\t\t\t\t\t<div class=\"elementor-column elementor-col-100 elementor-top-column elementor-element elementor-element-68cdc96\" data-id=\"68cdc96\" data-element_type=\"column\">\n\t\t\t<div class=\"elementor-widget-wrap elementor-element-populated\">\n\t\t\t\t\t\t<div class=\"elementor-element elementor-element-ee1d269 elementor-widget elementor-widget-heading\" data-id=\"ee1d269\" data-element_type=\"widget\" data-widget_type=\"heading.default\">\n\t\t\t\t<div class=\"elementor-widget-container\">\n\t\t\t\t\t<h2 class=\"elementor-heading-title elementor-size-default\">Contribua<\/h2>\t\t\t\t<\/div>\n\t\t\t\t<\/div>\n\t\t\t\t\t<\/div>\n\t\t<\/div>\n\t\t\t\t\t<\/div>\n\t\t<\/section>\n\t\t\t\t<section class=\"elementor-section elementor-top-section elementor-element elementor-element-c2e6348 elementor-section-boxed elementor-section-height-default elementor-section-height-default\" data-id=\"c2e6348\" data-element_type=\"section\">\n\t\t\t\t\t\t<div class=\"elementor-container elementor-column-gap-default\">\n\t\t\t\t\t<div class=\"elementor-column elementor-col-100 elementor-top-column elementor-element elementor-element-1ec88c2\" data-id=\"1ec88c2\" data-element_type=\"column\">\n\t\t\t<div class=\"elementor-widget-wrap elementor-element-populated\">\n\t\t\t\t\t\t<div class=\"elementor-element elementor-element-8d9cc4a elementor-widget elementor-widget-text-editor\" data-id=\"8d9cc4a\" data-element_type=\"widget\" data-widget_type=\"text-editor.default\">\n\t\t\t\t<div class=\"elementor-widget-container\">\n\t\t\t\t\t\t\t\t\t<p>A defesa do interesse p\u00fablico faz-se com a uni\u00e3o de for\u00e7as e de recursos.<\/p><p>A Frente C\u00edvica n\u00e3o cobra quotas nem joia de inscri\u00e7\u00e3o. Pedimos a cada apoiante que contribua na medida do poss\u00edvel.<\/p><p>Fa\u00e7a o seu donativo por transfer\u00eancia banc\u00e1ria para a conta com o IBAN:<\/p><p>PT50 0045 5130 4035 7759 9881 2<br \/>Caixa de Cr\u00e9dito Agr\u00edcola<\/p><p>Envie-nos o comprovativo da transfer\u00eancia para o email <strong><a href=\"mailto:frentecivica@frentecivica.com\" target=\"_blank\" rel=\"noopener\">frentecivica@frentecivica.com<\/a><\/strong> para a emiss\u00e3o do respetivo recibo.<\/p>\t\t\t\t\t\t\t\t<\/div>\n\t\t\t\t<\/div>\n\t\t\t\t\t<\/div>\n\t\t<\/div>\n\t\t\t\t\t<\/div>\n\t\t<\/section>\n\t\t\t\t<\/div>\n\t\t","protected":false},"excerpt":{"rendered":"<p>Inscreva-se A melhor forma de participar na miss\u00e3o da Frente C\u00edvica \u00e9 tornar-se associado. A Frente C\u00edvica n\u00e3o cobra quotas ou joia de inscri\u00e7\u00e3o. Cada novo associado tem de ser proposto por dois membros j\u00e1 existentes. Use o campo \u201cObserva\u00e7\u00f5es\u201d no formul\u00e1rio de inscri\u00e7\u00e3o para indicar o nome dos dois associados que prop\u00f5em a sua &#8230; <a title=\"Participe!\" class=\"read-more\" href=\"https:\/\/frentecivica.com\/?page_id=1370\" aria-label=\"Leia mais sobre Participe!\">Ler mais<\/a><\/p>\n","protected":false},"author":1,"featured_media":0,"parent":0,"menu_order":5,"comment_status":"closed","ping_status":"closed","template":"","meta":{"footnotes":""},"class_list":["post-1370","page","type-page","status-publish"],"_links":{"self":[{"href":"https:\/\/frentecivica.com\/index.php?rest_route=\/wp\/v2\/pages\/1370","targetHints":{"allow":["GET"]}}],"collection":[{"href":"https:\/\/frentecivica.com\/index.php?rest_route=\/wp\/v2\/pages"}],"about":[{"href":"https:\/\/frentecivica.com\/index.php?rest_route=\/wp\/v2\/types\/page"}],"author":[{"embeddable":true,"href":"https:\/\/frentecivica.com\/index.php?rest_route=\/wp\/v2\/users\/1"}],"replies":[{"embeddable":true,"href":"https:\/\/frentecivica.com\/index.php?rest_route=%2Fwp%2Fv2%2Fcomments&post=1370"}],"version-history":[{"count":43,"href":"https:\/\/frentecivica.com\/index.php?rest_route=\/wp\/v2\/pages\/1370\/revisions"}],"predecessor-version":[{"id":1653,"href":"https:\/\/frentecivica.com\/index.php?rest_route=\/wp\/v2\/pages\/1370\/revisions\/1653"}],"wp:attachment":[{"href":"https:\/\/frentecivica.com\/index.php?rest_route=%2Fwp%2Fv2%2Fmedia&parent=1370"}],"curies":[{"name":"wp","href":"https:\/\/api.w.org\/{rel}","templated":true}]}}