{"id":49,"date":"2018-03-22T03:17:36","date_gmt":"2018-03-22T03:17:36","guid":{"rendered":"http:\/\/frentecivica.com\/?page_id=49"},"modified":"2025-04-14T00:18:04","modified_gmt":"2025-04-14T00:18:04","slug":"orgaos-sociais","status":"publish","type":"page","link":"https:\/\/frentecivica.com\/?page_id=49","title":{"rendered":"Org\u00e3os Sociais"},"content":{"rendered":"\t\t<div data-elementor-type=\"wp-page\" data-elementor-id=\"49\" class=\"elementor elementor-49\">\n\t\t\t\t\t\t<section class=\"elementor-section elementor-top-section elementor-element elementor-element-e63829b elementor-section-boxed elementor-section-height-default elementor-section-height-default\" data-id=\"e63829b\" data-element_type=\"section\">\n\t\t\t\t\t\t<div class=\"elementor-container elementor-column-gap-default\">\n\t\t\t\t\t<div class=\"elementor-column elementor-col-100 elementor-top-column elementor-element elementor-element-083cc76\" data-id=\"083cc76\" data-element_type=\"column\">\n\t\t\t<div class=\"elementor-widget-wrap elementor-element-populated\">\n\t\t\t\t\t\t<div class=\"elementor-element elementor-element-e91deef elementor-widget elementor-widget-heading\" data-id=\"e91deef\" data-element_type=\"widget\" data-widget_type=\"heading.default\">\n\t\t\t\t<div class=\"elementor-widget-container\">\n\t\t\t\t\t<h2 class=\"elementor-heading-title elementor-size-default\">Org\u00e3os Sociais<\/h2>\t\t\t\t<\/div>\n\t\t\t\t<\/div>\n\t\t\t\t\t<\/div>\n\t\t<\/div>\n\t\t\t\t\t<\/div>\n\t\t<\/section>\n\t\t\t\t<section class=\"elementor-section elementor-top-section elementor-element elementor-element-e43ea78 elementor-section-boxed elementor-section-height-default elementor-section-height-default\" data-id=\"e43ea78\" data-element_type=\"section\">\n\t\t\t\t\t\t<div class=\"elementor-container elementor-column-gap-default\">\n\t\t\t\t\t<div class=\"elementor-column elementor-col-100 elementor-top-column elementor-element elementor-element-717f54c6\" data-id=\"717f54c6\" data-element_type=\"column\">\n\t\t\t<div class=\"elementor-widget-wrap elementor-element-populated\">\n\t\t\t\t\t\t<div class=\"elementor-element elementor-element-1e685982 elementor-widget elementor-widget-text-editor\" data-id=\"1e685982\" data-element_type=\"widget\" data-widget_type=\"text-editor.default\">\n\t\t\t\t<div class=\"elementor-widget-container\">\n\t\t\t\t\t\t\t\t\t<p><strong>Tri\u00e9nio 2025-2028<\/strong><\/p><p>\u00a0<\/p><p><strong>Mesa da Assembleia Geral<\/strong><\/p><p>Presidente: Carlos Alpedrinha Pires\u00a0<\/p><p>Secret\u00e1rio: Manuel Mendes Monteiro<\/p><p>Secret\u00e1ria: Liesbeth Vermoesen\u00a0<\/p><p>\u00a0<\/p><p><strong>Conselho de Direc\u00e7\u00e3o<\/strong><\/p><p>Presidente: Paulo Teixeira de Morais\u00a0<\/p><p>Vice-Presidente: Maria Teresa Serrenho\u00a0<\/p><p>Vice-Presidente: Jo\u00e3o Paulo Batalha\u00a0<\/p><p>Vogal: Ant\u00f3nio Manuel Ribeiro\u00a0<\/p><p>Vogal: Jos\u00e9 Manuel Andrade de Matos\u00a0<\/p><p>Vogal: Rui Celso Ca\u00e7\u00e3o Torres Correia\u00a0<\/p><p>Vogal: Karina Carvalho\u00a0<\/p><p>\u00a0<\/p><p><strong>Conselho Fiscal<\/strong><\/p><p>Presidente: Alberto Fr\u00f3is Santos\u00a0<\/p><p>Vice-Presidente: Jo\u00e3o Magalh\u00e3es e Vasconcelos\u00a0<\/p><p>Vogal: L\u00facio Pereira da Silva\u00a0<\/p><p>\u00a0<\/p>\t\t\t\t\t\t\t\t<\/div>\n\t\t\t\t<\/div>\n\t\t\t\t\t<\/div>\n\t\t<\/div>\n\t\t\t\t\t<\/div>\n\t\t<\/section>\n\t\t\t\t<section class=\"elementor-section elementor-top-section elementor-element elementor-element-59dd803 elementor-section-boxed elementor-section-height-default elementor-section-height-default\" data-id=\"59dd803\" data-element_type=\"section\">\n\t\t\t\t\t\t<div class=\"elementor-container elementor-column-gap-default\">\n\t\t\t\t\t<div class=\"elementor-column elementor-col-100 elementor-top-column elementor-element elementor-element-b1d9a90\" data-id=\"b1d9a90\" data-element_type=\"column\">\n\t\t\t<div class=\"elementor-widget-wrap elementor-element-populated\">\n\t\t\t\t\t\t<div class=\"elementor-element elementor-element-499fa49 elementor-widget elementor-widget-heading\" data-id=\"499fa49\" data-element_type=\"widget\" data-widget_type=\"heading.default\">\n\t\t\t\t<div class=\"elementor-widget-container\">\n\t\t\t\t\t<h2 class=\"elementor-heading-title elementor-size-default\">Hist\u00f3rico<\/h2>\t\t\t\t<\/div>\n\t\t\t\t<\/div>\n\t\t\t\t\t<\/div>\n\t\t<\/div>\n\t\t\t\t\t<\/div>\n\t\t<\/section>\n\t\t\t\t<section class=\"elementor-section elementor-top-section elementor-element elementor-element-d3882d7 elementor-section-boxed elementor-section-height-default elementor-section-height-default\" data-id=\"d3882d7\" data-element_type=\"section\">\n\t\t\t\t\t\t<div class=\"elementor-container elementor-column-gap-default\">\n\t\t\t\t\t<div class=\"elementor-column elementor-col-100 elementor-top-column elementor-element elementor-element-2823b05\" data-id=\"2823b05\" data-element_type=\"column\">\n\t\t\t<div class=\"elementor-widget-wrap elementor-element-populated\">\n\t\t\t\t\t\t<div class=\"elementor-element elementor-element-95cfd8d elementor-widget elementor-widget-text-editor\" data-id=\"95cfd8d\" data-element_type=\"widget\" data-widget_type=\"text-editor.default\">\n\t\t\t\t<div class=\"elementor-widget-container\">\n\t\t\t\t\t\t\t\t\t<p><strong>Tri\u00e9nio 2021-2024<\/strong><\/p><p><strong>\u00a0<\/strong><\/p><p><strong>Mesa da Assembleia Geral<\/strong><\/p><p>Presidente: Ant\u00f3nio Manuel Ribeiro<\/p><p>Secret\u00e1rio: Manuel Mendes Monteiro<\/p><p>Secret\u00e1rio: Liesbeth Vermoesen<\/p><p><strong>\u00a0<\/strong><\/p><p><strong>Conselho de Direc\u00e7\u00e3o <\/strong><\/p><p>Presidente: Paulo Teixeira de Morais<\/p><p>Vice-Presidente: Maria Teresa Serrenho<\/p><p>Vice-Presidente: Jo\u00e3o Paulo Batalha<\/p><p>Vogal: Jos\u00e9 Matos<\/p><p>Vogal: Rui Torres<\/p><p><strong>\u00a0<\/strong><\/p><p><strong>Conselho Fiscal<\/strong><\/p><p>Presidente: Alberto Fr\u00f3is Santos<\/p><p>Vice-Presidente: Maria Fernanda Oliveira<\/p><p>Vogal: Jos\u00e9 Ant\u00f3nio Almeida<\/p><p>\u00a0<\/p>\t\t\t\t\t\t\t\t<\/div>\n\t\t\t\t<\/div>\n\t\t\t\t\t<\/div>\n\t\t<\/div>\n\t\t\t\t\t<\/div>\n\t\t<\/section>\n\t\t\t\t<section class=\"elementor-section elementor-top-section elementor-element elementor-element-a39b418 elementor-section-boxed elementor-section-height-default elementor-section-height-default\" data-id=\"a39b418\" data-element_type=\"section\">\n\t\t\t\t\t\t<div class=\"elementor-container elementor-column-gap-default\">\n\t\t\t\t\t<div class=\"elementor-column elementor-col-100 elementor-top-column elementor-element elementor-element-d8c7236\" data-id=\"d8c7236\" data-element_type=\"column\">\n\t\t\t<div class=\"elementor-widget-wrap elementor-element-populated\">\n\t\t\t\t\t\t<div class=\"elementor-element elementor-element-6b8e542 elementor-widget elementor-widget-text-editor\" data-id=\"6b8e542\" data-element_type=\"widget\" data-widget_type=\"text-editor.default\">\n\t\t\t\t<div class=\"elementor-widget-container\">\n\t\t\t\t\t\t\t\t\t<p><strong>Tri\u00e9nio 2017-2020<\/strong><\/p><p><strong>\u00a0<\/strong><\/p><p><strong>Mesa da Assembleia Geral<\/strong><\/p><p>Presidente: M\u00e1rio Frota<\/p><p>Secret\u00e1ria: Fernanda Oliveira<\/p><p>Secret\u00e1rio: Rui Torres<\/p><p>\u00a0<\/p><p><strong>Conselho de Direc\u00e7\u00e3o<\/strong><\/p><p>Presidente: Paulo Teixeira de Morais<\/p><p>Vice-Presidente: Maria Teresa Serrenho<\/p><p>Vice-Presidente: Henrique Trigueiros Cunha<\/p><p>Tesoureiro: Alberto Fr\u00f3is Santos<\/p><p>Secret\u00e1rio: Jorge Amaro<\/p><p>\u00a0<\/p><p><strong>Conselho Fiscal<\/strong><\/p><p>Presidente: Lu\u00eds Henriques Serrenho<\/p><p>Vice-Presidente: Carlos Alpedrinha Pires<\/p><p>Vogal: Lu\u00eds Castro<\/p><p>\u00a0<\/p><p>A actividade da Frente C\u00edvica esteve suspensa por delibera\u00e7\u00e3o da Assembleia Geral entre 15 de Fevereiro de 2020 e 21 de Junho de 2021<\/p><p>\u00a0<\/p>\t\t\t\t\t\t\t\t<\/div>\n\t\t\t\t<\/div>\n\t\t\t\t\t<\/div>\n\t\t<\/div>\n\t\t\t\t\t<\/div>\n\t\t<\/section>\n\t\t\t\t<\/div>\n\t\t","protected":false},"excerpt":{"rendered":"<p>Org\u00e3os Sociais Tri\u00e9nio 2025-2028 \u00a0 Mesa da Assembleia Geral Presidente: Carlos Alpedrinha Pires\u00a0 Secret\u00e1rio: Manuel Mendes Monteiro Secret\u00e1ria: Liesbeth Vermoesen\u00a0 \u00a0 Conselho de Direc\u00e7\u00e3o Presidente: Paulo Teixeira de Morais\u00a0 Vice-Presidente: Maria Teresa Serrenho\u00a0 Vice-Presidente: Jo\u00e3o Paulo Batalha\u00a0 Vogal: Ant\u00f3nio Manuel Ribeiro\u00a0 Vogal: Jos\u00e9 Manuel Andrade de Matos\u00a0 Vogal: Rui Celso Ca\u00e7\u00e3o Torres Correia\u00a0 Vogal: Karina &#8230; <a title=\"Org\u00e3os Sociais\" class=\"read-more\" href=\"https:\/\/frentecivica.com\/?page_id=49\" aria-label=\"Leia mais sobre Org\u00e3os Sociais\">Ler mais<\/a><\/p>\n","protected":false},"author":1,"featured_media":0,"parent":1299,"menu_order":3,"comment_status":"closed","ping_status":"closed","template":"","meta":{"footnotes":""},"class_list":["post-49","page","type-page","status-publish"],"_links":{"self":[{"href":"https:\/\/frentecivica.com\/index.php?rest_route=\/wp\/v2\/pages\/49","targetHints":{"allow":["GET"]}}],"collection":[{"href":"https:\/\/frentecivica.com\/index.php?rest_route=\/wp\/v2\/pages"}],"about":[{"href":"https:\/\/frentecivica.com\/index.php?rest_route=\/wp\/v2\/types\/page"}],"author":[{"embeddable":true,"href":"https:\/\/frentecivica.com\/index.php?rest_route=\/wp\/v2\/users\/1"}],"replies":[{"embeddable":true,"href":"https:\/\/frentecivica.com\/index.php?rest_route=%2Fwp%2Fv2%2Fcomments&post=49"}],"version-history":[{"count":69,"href":"https:\/\/frentecivica.com\/index.php?rest_route=\/wp\/v2\/pages\/49\/revisions"}],"predecessor-version":[{"id":2035,"href":"https:\/\/frentecivica.com\/index.php?rest_route=\/wp\/v2\/pages\/49\/revisions\/2035"}],"up":[{"embeddable":true,"href":"https:\/\/frentecivica.com\/index.php?rest_route=\/wp\/v2\/pages\/1299"}],"wp:attachment":[{"href":"https:\/\/frentecivica.com\/index.php?rest_route=%2Fwp%2Fv2%2Fmedia&parent=49"}],"curies":[{"name":"wp","href":"https:\/\/api.w.org\/{rel}","templated":true}]}}